{"id":9698,"date":"2024-07-24T12:47:21","date_gmt":"2024-07-24T10:47:21","guid":{"rendered":"https:\/\/bleupharma.com\/?post_type=product&#038;p=9698"},"modified":"2026-02-23T13:41:29","modified_gmt":"2026-02-23T11:41:29","slug":"tummybleukids","status":"publish","type":"product","link":"https:\/\/bleupharma.com\/en\/product\/tummybleukids\/","title":{"rendered":"<span class=\"my-product-name\">TUMMY<span class=\"my-product-name-sup\"> BLEU<\/span><\/span> <span class=\"my-product-subtitle\">Goodbye Indigestion <\/span>"},"content":{"rendered":"<ul>\n<li>\u00a0Supports digestion and helps maintain a balanced intestinal flora<\/li>\n<li>\u00a0Pepsin aids in the breakdown of proteins, lipase breaks down fats, and alpha-amylase acts on polysaccharides like starch.<\/li>\n<li>\u00a0Bacillus coagulans is a Gram-positive bacterium that survives the acidic environment of the stomach and colonizes the intestine, creating an environment that discourages the growth of harmful bacteria<\/li>\n<\/ul>","protected":false},"excerpt":{"rendered":"<p>\u00a0Sus\u021bine digestia \u0219i contribuie la men\u021binerea echilibrului florei intestinale \u00a0Pepsina particip\u0103 la digestia proteinelor, lipaza scindeaz\u0103 gr\u0103simile, iar alfa-amilaza ac\u021bioneaz\u0103 asupra polizaharidelor, precum amidonul. \u00a0Bacillus coagulans este o bacterie Gram-pozitiv\u0103 care rezist\u0103 mediului acid din stomac \u0219i colonizeaz\u0103 intestinul, cre\u00e2nd un mediu nefavorabil bacteriilor d\u0103un\u0103toare.<\/p>","protected":false},"featured_media":11631,"template":"","meta":[],"product_brand":[],"product_cat":[74],"product_tag":[],"class_list":{"0":"post-9698","1":"product","2":"type-product","3":"status-publish","4":"has-post-thumbnail","6":"product_cat-kids","7":"wpbf-post","10":"instock","11":"shipping-taxable","12":"purchasable","13":"product-type-simple"},"brizy_media":[],"_links":{"self":[{"href":"https:\/\/bleupharma.com\/en\/wp-json\/wp\/v2\/product\/9698","targetHints":{"allow":["GET"]}}],"collection":[{"href":"https:\/\/bleupharma.com\/en\/wp-json\/wp\/v2\/product"}],"about":[{"href":"https:\/\/bleupharma.com\/en\/wp-json\/wp\/v2\/types\/product"}],"wp:featuredmedia":[{"embeddable":true,"href":"https:\/\/bleupharma.com\/en\/wp-json\/wp\/v2\/media\/11631"}],"wp:attachment":[{"href":"https:\/\/bleupharma.com\/en\/wp-json\/wp\/v2\/media?parent=9698"}],"wp:term":[{"taxonomy":"product_brand","embeddable":true,"href":"https:\/\/bleupharma.com\/en\/wp-json\/wp\/v2\/product_brand?post=9698"},{"taxonomy":"product_cat","embeddable":true,"href":"https:\/\/bleupharma.com\/en\/wp-json\/wp\/v2\/product_cat?post=9698"},{"taxonomy":"product_tag","embeddable":true,"href":"https:\/\/bleupharma.com\/en\/wp-json\/wp\/v2\/product_tag?post=9698"}],"curies":[{"name":"wp","href":"https:\/\/api.w.org\/{rel}","templated":true}]}}