{"id":8193,"date":"2023-08-28T15:19:32","date_gmt":"2023-08-28T13:19:32","guid":{"rendered":"https:\/\/bleupharma.com\/?post_type=product&#038;p=8193"},"modified":"2026-02-23T13:37:53","modified_gmt":"2026-02-23T11:37:53","slug":"anxio-bleu-un-mare-plus-in-pvd","status":"publish","type":"product","link":"https:\/\/bleupharma.com\/en\/product\/anxio-bleu-un-mare-plus-in-pvd\/","title":{"rendered":"<span class=\"my-product-name\">ANXIO <span class=\"my-product-name-sup\">BLEU<\/span><\/span> <span class=\"my-product-subtitle\">Life without anxiety<\/span>"},"content":{"rendered":"<ul>\n<li>Helps maintain positive thinking and good cognitive function.<\/li>\n<li>Supports relaxation and physical and mental wellbeing in a tiring lifestyle.<\/li>\n<li>Supports calmness and healthy sleep; helps maintain normal cognitive function.<\/li>\n<\/ul>","protected":false},"excerpt":{"rendered":"<p>Ajut\u0103 la men\u021binerea modului de g\u00e2ndire pozitiv \u0219i a bunelor func\u021bii cognitive. Sus\u021bine relaxarea \u0219i starea de bine fizic\u0103 \u0219i mental\u0103 \u00een condi\u021biile unui stil de via\u021b\u0103 obositor. Sus\u021bine starea de calm \u0219i un somn s\u0103n\u0103tos; ajut\u0103 la men\u021binerea func\u021biilor cognitive normale<\/p>","protected":false},"featured_media":8194,"template":"","meta":[],"product_brand":[],"product_cat":[63],"product_tag":[],"class_list":{"0":"post-8193","1":"product","2":"type-product","3":"status-publish","4":"has-post-thumbnail","6":"product_cat-cardio","7":"wpbf-post","10":"instock","11":"shipping-taxable","12":"purchasable","13":"product-type-simple"},"brizy_media":[],"_links":{"self":[{"href":"https:\/\/bleupharma.com\/en\/wp-json\/wp\/v2\/product\/8193","targetHints":{"allow":["GET"]}}],"collection":[{"href":"https:\/\/bleupharma.com\/en\/wp-json\/wp\/v2\/product"}],"about":[{"href":"https:\/\/bleupharma.com\/en\/wp-json\/wp\/v2\/types\/product"}],"wp:featuredmedia":[{"embeddable":true,"href":"https:\/\/bleupharma.com\/en\/wp-json\/wp\/v2\/media\/8194"}],"wp:attachment":[{"href":"https:\/\/bleupharma.com\/en\/wp-json\/wp\/v2\/media?parent=8193"}],"wp:term":[{"taxonomy":"product_brand","embeddable":true,"href":"https:\/\/bleupharma.com\/en\/wp-json\/wp\/v2\/product_brand?post=8193"},{"taxonomy":"product_cat","embeddable":true,"href":"https:\/\/bleupharma.com\/en\/wp-json\/wp\/v2\/product_cat?post=8193"},{"taxonomy":"product_tag","embeddable":true,"href":"https:\/\/bleupharma.com\/en\/wp-json\/wp\/v2\/product_tag?post=8193"}],"curies":[{"name":"wp","href":"https:\/\/api.w.org\/{rel}","templated":true}]}}