{"id":7526,"date":"2023-10-05T14:33:44","date_gmt":"2023-10-05T12:33:44","guid":{"rendered":"https:\/\/bleupharma.com\/?post_type=product&#038;p=7526"},"modified":"2026-02-23T13:39:27","modified_gmt":"2026-02-23T11:39:27","slug":"peribleu","status":"publish","type":"product","link":"https:\/\/bleupharma.com\/en\/product\/peribleu\/","title":{"rendered":"<span class=\"my-product-name\">PERI <span class=\"my-product-name-sup\">BLEU<\/span><\/span> <span class=\"my-product-subtitle\">An additional regeneration<\/span>"},"content":{"rendered":"<ul>\n<li>Decreases perinervous inflammation in the peripheral nervous system.<\/li>\n<li>Stimulates the recovery of peripheral nerves.<\/li>\n<li>Protects the peripheral nerves from mechanical or chemical attacks.<\/li>\n<\/ul>","protected":false},"excerpt":{"rendered":"<p>Scade inflama\u021bia peri nervoas\u0103 in sistemul nervos periferic. Stimuleaz\u0103 refacerea nervilor periferici. Protejeaz\u0103 nervii periferici de agresiuni mecanice sau chimice.<\/p>","protected":false},"featured_media":7528,"template":"","meta":[],"product_brand":[],"product_cat":[62],"product_tag":[],"class_list":{"0":"post-7526","1":"product","2":"type-product","3":"status-publish","4":"has-post-thumbnail","6":"product_cat-neurologie","7":"wpbf-post","10":"instock","11":"shipping-taxable","12":"purchasable","13":"product-type-simple"},"brizy_media":[],"_links":{"self":[{"href":"https:\/\/bleupharma.com\/en\/wp-json\/wp\/v2\/product\/7526","targetHints":{"allow":["GET"]}}],"collection":[{"href":"https:\/\/bleupharma.com\/en\/wp-json\/wp\/v2\/product"}],"about":[{"href":"https:\/\/bleupharma.com\/en\/wp-json\/wp\/v2\/types\/product"}],"wp:featuredmedia":[{"embeddable":true,"href":"https:\/\/bleupharma.com\/en\/wp-json\/wp\/v2\/media\/7528"}],"wp:attachment":[{"href":"https:\/\/bleupharma.com\/en\/wp-json\/wp\/v2\/media?parent=7526"}],"wp:term":[{"taxonomy":"product_brand","embeddable":true,"href":"https:\/\/bleupharma.com\/en\/wp-json\/wp\/v2\/product_brand?post=7526"},{"taxonomy":"product_cat","embeddable":true,"href":"https:\/\/bleupharma.com\/en\/wp-json\/wp\/v2\/product_cat?post=7526"},{"taxonomy":"product_tag","embeddable":true,"href":"https:\/\/bleupharma.com\/en\/wp-json\/wp\/v2\/product_tag?post=7526"}],"curies":[{"name":"wp","href":"https:\/\/api.w.org\/{rel}","templated":true}]}}