{"id":12874,"date":"2026-03-02T11:57:52","date_gmt":"2026-03-02T09:57:52","guid":{"rendered":"https:\/\/bleupharma.com\/?post_type=product&#038;p=12874"},"modified":"2026-03-02T12:04:00","modified_gmt":"2026-03-02T10:04:00","slug":"power-bleu-pachet-promotional","status":"publish","type":"product","link":"https:\/\/bleupharma.com\/en\/product\/power-bleu-pachet-promotional\/","title":{"rendered":"<span class=\"my-product-name\">POWER <span class=\"my-product-name-sup\"> BLEU<\/span><\/span> <span class=\"my-product-subtitle\">Pachet Promo\u021bional <\/span>"},"content":{"rendered":"<ul>\n<li>\n<h4><strong>Pachet promo\u021bional ( 4 la pre\u021b de 3)<br \/>\n<\/strong><\/h4>\n<\/li>\n<li>\u00a0Supports erectile function and maintains the health of the male reproductive system.<\/li>\n<li>\u00a0Contributes to normal spermatogenesis and helps maintain normal erectile function.<\/li>\n<li>\u00a0Supports the synthesis of nitric oxide from its precursor, L-arginine, thereby promoting erection.<\/li>\n<li>\u00a0Supports testosterone production and maintains reproductive function.<\/li>\n<\/ul>","protected":false},"excerpt":{"rendered":"<p>Pachet promo\u021bional ( 4 la pre\u021b de 3) \u00a0Sus\u021bine func\u021bia erectil\u0103 \u0219i contribuie la men\u021binerea san\u0103t\u0103\u021bii aparatului reproduc\u0103tor masculin \u00a0Contribuie la spermatogeneza normal\u0103 \u0219i sus\u021bine men\u021binerea func\u021biei erectile normale \u00a0Contribuie la sinteza oxidului nitric din substratul s\u0103u L-arginin\u0103, favoriz\u00e2nd astfel erec\u021bia. \u00a0Sprijin\u0103 produc\u021bia de testosteron \u0219i men\u021bine func\u021bia reproductiv\u0103.<\/p>","protected":false},"featured_media":12876,"template":"","meta":[],"product_brand":[],"product_cat":[65],"product_tag":[],"class_list":{"0":"post-12874","1":"product","2":"type-product","3":"status-publish","4":"has-post-thumbnail","6":"product_cat-urologie","7":"wpbf-post","10":"instock","11":"shipping-taxable","12":"purchasable","13":"product-type-simple"},"brizy_media":[],"_links":{"self":[{"href":"https:\/\/bleupharma.com\/en\/wp-json\/wp\/v2\/product\/12874","targetHints":{"allow":["GET"]}}],"collection":[{"href":"https:\/\/bleupharma.com\/en\/wp-json\/wp\/v2\/product"}],"about":[{"href":"https:\/\/bleupharma.com\/en\/wp-json\/wp\/v2\/types\/product"}],"wp:featuredmedia":[{"embeddable":true,"href":"https:\/\/bleupharma.com\/en\/wp-json\/wp\/v2\/media\/12876"}],"wp:attachment":[{"href":"https:\/\/bleupharma.com\/en\/wp-json\/wp\/v2\/media?parent=12874"}],"wp:term":[{"taxonomy":"product_brand","embeddable":true,"href":"https:\/\/bleupharma.com\/en\/wp-json\/wp\/v2\/product_brand?post=12874"},{"taxonomy":"product_cat","embeddable":true,"href":"https:\/\/bleupharma.com\/en\/wp-json\/wp\/v2\/product_cat?post=12874"},{"taxonomy":"product_tag","embeddable":true,"href":"https:\/\/bleupharma.com\/en\/wp-json\/wp\/v2\/product_tag?post=12874"}],"curies":[{"name":"wp","href":"https:\/\/api.w.org\/{rel}","templated":true}]}}