{"id":12483,"date":"2025-10-13T12:47:37","date_gmt":"2025-10-13T10:47:37","guid":{"rendered":"https:\/\/bleupharma.com\/?post_type=product&#038;p=12483"},"modified":"2026-02-23T13:47:42","modified_gmt":"2026-02-23T11:47:42","slug":"inflableugel","status":"publish","type":"product","link":"https:\/\/bleupharma.com\/en\/product\/inflableugel\/","title":{"rendered":"<span class=\"my-product-name\"> INFLA <span class=\"my-product-name-sup\"> BLEU <\/span><\/span> <span class=\"my-product-subtitle\"> FIGHTS PAIN <\/span>"},"content":{"rendered":"<ul>\n<li>Helps relieve discomfort in the joints.<\/li>\n<li>Provides a pleasant cooling sensation and comfort in affected areas.<\/li>\n<li>Supports normal joint function and local mobility.<\/li>\n<\/ul>","protected":false},"excerpt":{"rendered":"<p>Contribuie la calmarea senza\u021biei de disconfort la nivelul articula\u021biilor. Aduce o senza\u021bie pl\u0103cut\u0103 de r\u0103corire \u0219i confort \u00een zonele afectate. Sprijin\u0103 func\u021bionarea normal\u0103 a articula\u021biilor \u0219i mobilitatea local\u0103.<\/p>","protected":false},"featured_media":12667,"template":"","meta":[],"product_brand":[],"product_cat":[77],"product_tag":[],"class_list":{"0":"post-12483","1":"product","2":"type-product","3":"status-publish","4":"has-post-thumbnail","6":"product_cat-reumatologie","7":"wpbf-post","10":"instock","11":"shipping-taxable","12":"purchasable","13":"product-type-simple"},"brizy_media":[],"_links":{"self":[{"href":"https:\/\/bleupharma.com\/en\/wp-json\/wp\/v2\/product\/12483","targetHints":{"allow":["GET"]}}],"collection":[{"href":"https:\/\/bleupharma.com\/en\/wp-json\/wp\/v2\/product"}],"about":[{"href":"https:\/\/bleupharma.com\/en\/wp-json\/wp\/v2\/types\/product"}],"wp:featuredmedia":[{"embeddable":true,"href":"https:\/\/bleupharma.com\/en\/wp-json\/wp\/v2\/media\/12667"}],"wp:attachment":[{"href":"https:\/\/bleupharma.com\/en\/wp-json\/wp\/v2\/media?parent=12483"}],"wp:term":[{"taxonomy":"product_brand","embeddable":true,"href":"https:\/\/bleupharma.com\/en\/wp-json\/wp\/v2\/product_brand?post=12483"},{"taxonomy":"product_cat","embeddable":true,"href":"https:\/\/bleupharma.com\/en\/wp-json\/wp\/v2\/product_cat?post=12483"},{"taxonomy":"product_tag","embeddable":true,"href":"https:\/\/bleupharma.com\/en\/wp-json\/wp\/v2\/product_tag?post=12483"}],"curies":[{"name":"wp","href":"https:\/\/api.w.org\/{rel}","templated":true}]}}