{"id":12478,"date":"2025-10-13T12:33:01","date_gmt":"2025-10-13T10:33:01","guid":{"rendered":"https:\/\/bleupharma.com\/?post_type=product&#038;p=12478"},"modified":"2026-02-23T13:47:22","modified_gmt":"2026-02-23T11:47:22","slug":"colobleu","status":"publish","type":"product","link":"https:\/\/bleupharma.com\/en\/product\/colobleu\/","title":{"rendered":"<span class=\"my-product-name\">COLO<span class=\"my-product-name-sup\"> BLEU <\/span><\/span> <span class=\"my-product-subtitle\"> \ud83d\ude00 COLON <\/span>"},"content":{"rendered":"<ul>\n<li>Supports the health and normal functioning of the digestive tract.<\/li>\n<li>Helps maintain intestinal comfort and normal intestinal functions.<\/li>\n<li>Assists in supporting the natural balance of intestinal flora and normal digestive processes.<\/li>\n<\/ul>","protected":false},"excerpt":{"rendered":"<p>Contribuie la men\u021binerea s\u0103n\u0103t\u0103\u021bii \u0219i func\u021bion\u0103rii normale a tractului digestiv. Sprijin\u0103 confortul intestinal \u0219i func\u021biile fiziologice normale ale intestinelor. Ajut\u0103 la sus\u021binerea echilibrului natural al florei intestinale \u0219i a proceselor digestive normale.<\/p>","protected":false},"featured_media":12664,"template":"","meta":[],"product_brand":[],"product_cat":[76],"product_tag":[],"class_list":{"0":"post-12478","1":"product","2":"type-product","3":"status-publish","4":"has-post-thumbnail","6":"product_cat-gastroenterologie","7":"wpbf-post","10":"instock","11":"shipping-taxable","12":"purchasable","13":"product-type-simple"},"brizy_media":[],"_links":{"self":[{"href":"https:\/\/bleupharma.com\/en\/wp-json\/wp\/v2\/product\/12478","targetHints":{"allow":["GET"]}}],"collection":[{"href":"https:\/\/bleupharma.com\/en\/wp-json\/wp\/v2\/product"}],"about":[{"href":"https:\/\/bleupharma.com\/en\/wp-json\/wp\/v2\/types\/product"}],"wp:featuredmedia":[{"embeddable":true,"href":"https:\/\/bleupharma.com\/en\/wp-json\/wp\/v2\/media\/12664"}],"wp:attachment":[{"href":"https:\/\/bleupharma.com\/en\/wp-json\/wp\/v2\/media?parent=12478"}],"wp:term":[{"taxonomy":"product_brand","embeddable":true,"href":"https:\/\/bleupharma.com\/en\/wp-json\/wp\/v2\/product_brand?post=12478"},{"taxonomy":"product_cat","embeddable":true,"href":"https:\/\/bleupharma.com\/en\/wp-json\/wp\/v2\/product_cat?post=12478"},{"taxonomy":"product_tag","embeddable":true,"href":"https:\/\/bleupharma.com\/en\/wp-json\/wp\/v2\/product_tag?post=12478"}],"curies":[{"name":"wp","href":"https:\/\/api.w.org\/{rel}","templated":true}]}}