{"id":11749,"date":"2025-03-27T16:14:09","date_gmt":"2025-03-27T14:14:09","guid":{"rendered":"https:\/\/bleupharma.com\/?post_type=product&#038;p=11749"},"modified":"2026-02-23T13:46:47","modified_gmt":"2026-02-23T11:46:47","slug":"d3-bleu-kids-sfarsitul-cercului-vicios","status":"publish","type":"product","link":"https:\/\/bleupharma.com\/en\/product\/d3-bleu-kids-sfarsitul-cercului-vicios\/","title":{"rendered":"<span class=\"my-product-name\">D3 <span class=\"my-product-name-sup\"> BLEU Kids<\/span><\/span> <span class=\"my-product-subtitle\"> Powerful start, harmonious development <\/span>"},"content":{"rendered":"<ul>\n<li>Supports the normal absorption and utilization of calcium and phosphorus.<\/li>\n<li>Helps maintain normal calcium levels in the blood.<\/li>\n<li>Supports bone and dental health.<\/li>\n<li>Contributes to the normal functioning of the immune and muscular systems.<\/li>\n<li>Contributes to maintaining bone health and normal blood clotting.<\/li>\n<\/ul>","protected":false},"excerpt":{"rendered":"<p>Sus\u021bine absorb\u021bia \u0219i utilizarea normal\u0103 a calciului \u0219i fosforului. Ajut\u0103 la men\u021binerea concentra\u021biilor normale de calciu \u00een s\u00e2nge. Sprijin\u0103 s\u0103n\u0103tatea sistemului osos \u0219i a din\u021bilor. Contribuie la func\u021bionarea normal\u0103 a sistemului imunitar \u0219i muscular. Contribuie la men\u021binerea s\u0103n\u0103t\u0103\u021bii sistemului osos \u0219i la coagularea normal\u0103 a s\u00e2ngelui.<\/p>","protected":false},"featured_media":11751,"template":"","meta":[],"product_brand":[],"product_cat":[74],"product_tag":[],"class_list":{"0":"post-11749","1":"product","2":"type-product","3":"status-publish","4":"has-post-thumbnail","6":"product_cat-kids","7":"wpbf-post","10":"instock","11":"shipping-taxable","12":"purchasable","13":"product-type-simple"},"brizy_media":[],"_links":{"self":[{"href":"https:\/\/bleupharma.com\/en\/wp-json\/wp\/v2\/product\/11749","targetHints":{"allow":["GET"]}}],"collection":[{"href":"https:\/\/bleupharma.com\/en\/wp-json\/wp\/v2\/product"}],"about":[{"href":"https:\/\/bleupharma.com\/en\/wp-json\/wp\/v2\/types\/product"}],"wp:featuredmedia":[{"embeddable":true,"href":"https:\/\/bleupharma.com\/en\/wp-json\/wp\/v2\/media\/11751"}],"wp:attachment":[{"href":"https:\/\/bleupharma.com\/en\/wp-json\/wp\/v2\/media?parent=11749"}],"wp:term":[{"taxonomy":"product_brand","embeddable":true,"href":"https:\/\/bleupharma.com\/en\/wp-json\/wp\/v2\/product_brand?post=11749"},{"taxonomy":"product_cat","embeddable":true,"href":"https:\/\/bleupharma.com\/en\/wp-json\/wp\/v2\/product_cat?post=11749"},{"taxonomy":"product_tag","embeddable":true,"href":"https:\/\/bleupharma.com\/en\/wp-json\/wp\/v2\/product_tag?post=11749"}],"curies":[{"name":"wp","href":"https:\/\/api.w.org\/{rel}","templated":true}]}}