{"id":11665,"date":"2025-03-10T12:17:06","date_gmt":"2025-03-10T10:17:06","guid":{"rendered":"https:\/\/bleupharma.com\/?post_type=product&#038;p=11665"},"modified":"2026-02-23T13:46:42","modified_gmt":"2026-02-23T11:46:42","slug":"zita-bleu-sfarsitul-cercului-vicios","status":"publish","type":"product","link":"https:\/\/bleupharma.com\/en\/product\/zita-bleu-sfarsitul-cercului-vicios\/","title":{"rendered":"<span class=\"my-product-name\">ZITA <span class=\"my-product-name-sup\"> BLEU<\/span><\/span> <span class=\"my-product-subtitle\"> The end of the vicious circle <\/span>"},"content":{"rendered":"<ul>\n<li>Supports respiratory system health and contributes to maintaining optimal respiratory comfort.<\/li>\n<li>Maintains the health and protection of the respiratory mucous membranes.<\/li>\n<li>Supports the immune system, helping the body's natural defense.<\/li>\n<\/ul>","protected":false},"excerpt":{"rendered":"<p>Sus\u021bine s\u0103n\u0103tatea sistemului respirator \u0219i contribuie la men\u021binerea unui confort respirator optim. Men\u021bine s\u0103n\u0103tatea \u0219i protec\u021bia mucoaselor respiratorii. Sprijin\u0103 sistemul imunitar, ajut\u00e2nd la ap\u0103rarea natural\u0103 a organismului.<\/p>","protected":false},"featured_media":11664,"template":"","meta":[],"product_brand":[],"product_cat":[74],"product_tag":[],"class_list":{"0":"post-11665","1":"product","2":"type-product","3":"status-publish","4":"has-post-thumbnail","6":"product_cat-kids","7":"wpbf-post","10":"instock","11":"shipping-taxable","12":"purchasable","13":"product-type-simple"},"brizy_media":[],"_links":{"self":[{"href":"https:\/\/bleupharma.com\/en\/wp-json\/wp\/v2\/product\/11665","targetHints":{"allow":["GET"]}}],"collection":[{"href":"https:\/\/bleupharma.com\/en\/wp-json\/wp\/v2\/product"}],"about":[{"href":"https:\/\/bleupharma.com\/en\/wp-json\/wp\/v2\/types\/product"}],"wp:featuredmedia":[{"embeddable":true,"href":"https:\/\/bleupharma.com\/en\/wp-json\/wp\/v2\/media\/11664"}],"wp:attachment":[{"href":"https:\/\/bleupharma.com\/en\/wp-json\/wp\/v2\/media?parent=11665"}],"wp:term":[{"taxonomy":"product_brand","embeddable":true,"href":"https:\/\/bleupharma.com\/en\/wp-json\/wp\/v2\/product_brand?post=11665"},{"taxonomy":"product_cat","embeddable":true,"href":"https:\/\/bleupharma.com\/en\/wp-json\/wp\/v2\/product_cat?post=11665"},{"taxonomy":"product_tag","embeddable":true,"href":"https:\/\/bleupharma.com\/en\/wp-json\/wp\/v2\/product_tag?post=11665"}],"curies":[{"name":"wp","href":"https:\/\/api.w.org\/{rel}","templated":true}]}}