{"id":11648,"date":"2025-03-10T11:53:51","date_gmt":"2025-03-10T09:53:51","guid":{"rendered":"https:\/\/bleupharma.com\/?post_type=product&#038;p=11648"},"modified":"2026-02-23T13:46:23","modified_gmt":"2026-02-23T11:46:23","slug":"vermibleu-sigur-pentru-intreaga-familie","status":"publish","type":"product","link":"https:\/\/bleupharma.com\/en\/product\/vermibleu-sigur-pentru-intreaga-familie\/","title":{"rendered":"<span class=\"my-product-name\">VERMI <span class=\"my-product-name-sup\"> BLEU<\/span><\/span> <span class=\"my-product-subtitle\"> Safe for the entire family <\/span>"},"content":{"rendered":"<ul>\n<li>Supports digestive health and helps maintain an unfavorable environment for parasites in the digestive tract.<\/li>\n<li>Protects the gastric mucosa and supports liver function.<\/li>\n<li>Supports the immune system and contributes to the proper functioning of the digestive system.<\/li>\n<li>Helps maintain a normal appetite and reduces digestive symptoms.<\/li>\n<\/ul>","protected":false},"excerpt":{"rendered":"<p>Sus\u021bine s\u0103n\u0103tatea digestiv\u0103 \u0219i men\u021bine un mediu neprielnic pentru parazi\u021bi \u00een tractul digestiv. Protejeaz\u0103 mucoasa gastric\u0103 \u0219i sprijin\u0103 func\u021bia hepatic\u0103. Sprijin\u0103 sistemul imunitar \u0219i contribuie la buna func\u021bionare a sistemului digestiv. Ajut\u0103 la men\u021binerea unui apetit normal \u0219i reduce simptomele digestive.<\/p>","protected":false},"featured_media":11633,"template":"","meta":[],"product_brand":[],"product_cat":[74],"product_tag":[],"class_list":{"0":"post-11648","1":"product","2":"type-product","3":"status-publish","4":"has-post-thumbnail","6":"product_cat-kids","7":"wpbf-post","10":"instock","11":"shipping-taxable","12":"purchasable","13":"product-type-simple"},"brizy_media":[],"_links":{"self":[{"href":"https:\/\/bleupharma.com\/en\/wp-json\/wp\/v2\/product\/11648","targetHints":{"allow":["GET"]}}],"collection":[{"href":"https:\/\/bleupharma.com\/en\/wp-json\/wp\/v2\/product"}],"about":[{"href":"https:\/\/bleupharma.com\/en\/wp-json\/wp\/v2\/types\/product"}],"wp:featuredmedia":[{"embeddable":true,"href":"https:\/\/bleupharma.com\/en\/wp-json\/wp\/v2\/media\/11633"}],"wp:attachment":[{"href":"https:\/\/bleupharma.com\/en\/wp-json\/wp\/v2\/media?parent=11648"}],"wp:term":[{"taxonomy":"product_brand","embeddable":true,"href":"https:\/\/bleupharma.com\/en\/wp-json\/wp\/v2\/product_brand?post=11648"},{"taxonomy":"product_cat","embeddable":true,"href":"https:\/\/bleupharma.com\/en\/wp-json\/wp\/v2\/product_cat?post=11648"},{"taxonomy":"product_tag","embeddable":true,"href":"https:\/\/bleupharma.com\/en\/wp-json\/wp\/v2\/product_tag?post=11648"}],"curies":[{"name":"wp","href":"https:\/\/api.w.org\/{rel}","templated":true}]}}