{"id":11221,"date":"2024-11-29T15:40:37","date_gmt":"2024-11-29T13:40:37","guid":{"rendered":"https:\/\/bleupharma.com\/?post_type=product&#038;p=11221"},"modified":"2026-02-23T13:43:01","modified_gmt":"2026-02-23T11:43:01","slug":"pregnableu","status":"publish","type":"product","link":"https:\/\/bleupharma.com\/en\/product\/pregnableu\/","title":{"rendered":"<span class=\"my-product-name\">PREGNA<span class=\"my-product-name-sup\"> BLEU<\/span><\/span> <span class=\"my-product-subtitle\"> Safe from the start  <\/span>"},"content":{"rendered":"<ul>\n<li>Supports the health of pregnant women and those planning a pregnancy.<\/li>\n<li>Contributes to the normal development of the fetus's brain and neural tube through its content of docosahexaenoic acid (DHA) and active folate.<\/li>\n<li>Protects cells from oxidative stress.<\/li>\n<li>Supports metabolism and immune system function.<\/li>\n<\/ul>","protected":false},"excerpt":{"rendered":"<p>Sus\u021bine s\u0103n\u0103tatea femeilor \u00eens\u0103rcinate \u0219i a celor care planific\u0103 o sarcin\u0103. Contribuie la dezvoltarea normal\u0103 creierului \u0219i a tubului neural al f\u0103tului prin con\u021binutul \u00een acid docosahexaenoic (DHA) \u0219i folat activ. Protejeaz\u0103 celulele de stresul oxidativ. Sus\u021bine metabolismul \u0219i func\u021bionarea sistemului imunitar.<\/p>","protected":false},"featured_media":11223,"template":"","meta":[],"product_brand":[],"product_cat":[65],"product_tag":[],"class_list":{"0":"post-11221","1":"product","2":"type-product","3":"status-publish","4":"has-post-thumbnail","6":"product_cat-urologie","7":"wpbf-post","10":"instock","11":"shipping-taxable","12":"purchasable","13":"product-type-simple"},"brizy_media":[],"_links":{"self":[{"href":"https:\/\/bleupharma.com\/en\/wp-json\/wp\/v2\/product\/11221","targetHints":{"allow":["GET"]}}],"collection":[{"href":"https:\/\/bleupharma.com\/en\/wp-json\/wp\/v2\/product"}],"about":[{"href":"https:\/\/bleupharma.com\/en\/wp-json\/wp\/v2\/types\/product"}],"wp:featuredmedia":[{"embeddable":true,"href":"https:\/\/bleupharma.com\/en\/wp-json\/wp\/v2\/media\/11223"}],"wp:attachment":[{"href":"https:\/\/bleupharma.com\/en\/wp-json\/wp\/v2\/media?parent=11221"}],"wp:term":[{"taxonomy":"product_brand","embeddable":true,"href":"https:\/\/bleupharma.com\/en\/wp-json\/wp\/v2\/product_brand?post=11221"},{"taxonomy":"product_cat","embeddable":true,"href":"https:\/\/bleupharma.com\/en\/wp-json\/wp\/v2\/product_cat?post=11221"},{"taxonomy":"product_tag","embeddable":true,"href":"https:\/\/bleupharma.com\/en\/wp-json\/wp\/v2\/product_tag?post=11221"}],"curies":[{"name":"wp","href":"https:\/\/api.w.org\/{rel}","templated":true}]}}