{"id":11217,"date":"2024-11-29T13:37:58","date_gmt":"2024-11-29T11:37:58","guid":{"rendered":"https:\/\/bleupharma.com\/?post_type=product&#038;p=11217"},"modified":"2026-02-23T13:42:52","modified_gmt":"2026-02-23T11:42:52","slug":"tonobleu","status":"publish","type":"product","link":"https:\/\/bleupharma.com\/en\/product\/tonobleu\/","title":{"rendered":"<span class=\"my-product-name\">TONO<span class=\"my-product-name-sup\"> BLEU<\/span><\/span> <span class=\"my-product-subtitle\"> Tonic Complet <\/span>"},"content":{"rendered":"<ul>\n<li>Helps maintain normal energy metabolism and reduce fatigue.<\/li>\n<li>Supports normal functioning of the nervous system with vitamins B2, B6, B12 and magnesium.<\/li>\n<li>Phosphatidylserine, threonine, glutamine, and arginine support neuronal health, energy production, and anabolic processes.<\/li>\n<\/ul>","protected":false},"excerpt":{"rendered":"<p>Contribuie la men\u021binerea metabolismului energetic normal \u0219i la reducerea oboselii. Sus\u021bine func\u021bionarea normal\u0103 a sistemului nervos prin aportul de vitamine B2, B6, B12 \u0219i magneziu. Fosfatidilserina, treonina, glutamina \u0219i arginina sprijin\u0103 s\u0103n\u0103tatea neuronal\u0103, producerea energiei \u0219i procesele anabolice.<\/p>","protected":false},"featured_media":11218,"template":"","meta":[],"product_brand":[],"product_cat":[62],"product_tag":[],"class_list":{"0":"post-11217","1":"product","2":"type-product","3":"status-publish","4":"has-post-thumbnail","6":"product_cat-neurologie","7":"wpbf-post","10":"instock","11":"shipping-taxable","12":"purchasable","13":"product-type-simple"},"brizy_media":[],"_links":{"self":[{"href":"https:\/\/bleupharma.com\/en\/wp-json\/wp\/v2\/product\/11217","targetHints":{"allow":["GET"]}}],"collection":[{"href":"https:\/\/bleupharma.com\/en\/wp-json\/wp\/v2\/product"}],"about":[{"href":"https:\/\/bleupharma.com\/en\/wp-json\/wp\/v2\/types\/product"}],"wp:featuredmedia":[{"embeddable":true,"href":"https:\/\/bleupharma.com\/en\/wp-json\/wp\/v2\/media\/11218"}],"wp:attachment":[{"href":"https:\/\/bleupharma.com\/en\/wp-json\/wp\/v2\/media?parent=11217"}],"wp:term":[{"taxonomy":"product_brand","embeddable":true,"href":"https:\/\/bleupharma.com\/en\/wp-json\/wp\/v2\/product_brand?post=11217"},{"taxonomy":"product_cat","embeddable":true,"href":"https:\/\/bleupharma.com\/en\/wp-json\/wp\/v2\/product_cat?post=11217"},{"taxonomy":"product_tag","embeddable":true,"href":"https:\/\/bleupharma.com\/en\/wp-json\/wp\/v2\/product_tag?post=11217"}],"curies":[{"name":"wp","href":"https:\/\/api.w.org\/{rel}","templated":true}]}}