{"id":10845,"date":"2024-10-16T14:51:31","date_gmt":"2024-10-16T12:51:31","guid":{"rendered":"https:\/\/bleupharma.com\/?post_type=product&#038;p=10845"},"modified":"2026-02-23T13:42:43","modified_gmt":"2026-02-23T11:42:43","slug":"krillbleu","status":"publish","type":"product","link":"https:\/\/bleupharma.com\/en\/product\/krillbleu\/","title":{"rendered":"<span class=\"my-product-name\">KRILL<span class=\"my-product-name-sup\"> BLEU<\/span><\/span> <span class=\"my-product-subtitle\">Lipid Balance <\/span>"},"content":{"rendered":"<ul>\n<li>\u00a0An ideal source of Omega-3.<\/li>\n<li>\u00a0Supports the integrity of the vascular wall.<\/li>\n<li>\u00a0Improves lipid profile.<\/li>\n<li>\u00a0Maintains arterial elasticity and supports cardiovascular health.<\/li>\n<\/ul>","protected":false},"excerpt":{"rendered":"<p>\u00a0Surs\u0103 ideal\u0103 de Omega-3. \u00a0Sus\u021bine integritatea peretelui vascular. \u00a0\u00cembun\u0103t\u0103\u021be\u0219te profilul lipidic. \u00a0Men\u021bine elasticitatea arterelor \u0219i sus\u021bine s\u0103n\u0103tatea sistemului cardiovascular.<\/p>","protected":false},"featured_media":10856,"template":"","meta":[],"product_brand":[],"product_cat":[63],"product_tag":[],"class_list":{"0":"post-10845","1":"product","2":"type-product","3":"status-publish","4":"has-post-thumbnail","6":"product_cat-cardio","7":"wpbf-post","10":"instock","11":"shipping-taxable","12":"purchasable","13":"product-type-simple"},"brizy_media":[],"_links":{"self":[{"href":"https:\/\/bleupharma.com\/en\/wp-json\/wp\/v2\/product\/10845","targetHints":{"allow":["GET"]}}],"collection":[{"href":"https:\/\/bleupharma.com\/en\/wp-json\/wp\/v2\/product"}],"about":[{"href":"https:\/\/bleupharma.com\/en\/wp-json\/wp\/v2\/types\/product"}],"wp:featuredmedia":[{"embeddable":true,"href":"https:\/\/bleupharma.com\/en\/wp-json\/wp\/v2\/media\/10856"}],"wp:attachment":[{"href":"https:\/\/bleupharma.com\/en\/wp-json\/wp\/v2\/media?parent=10845"}],"wp:term":[{"taxonomy":"product_brand","embeddable":true,"href":"https:\/\/bleupharma.com\/en\/wp-json\/wp\/v2\/product_brand?post=10845"},{"taxonomy":"product_cat","embeddable":true,"href":"https:\/\/bleupharma.com\/en\/wp-json\/wp\/v2\/product_cat?post=10845"},{"taxonomy":"product_tag","embeddable":true,"href":"https:\/\/bleupharma.com\/en\/wp-json\/wp\/v2\/product_tag?post=10845"}],"curies":[{"name":"wp","href":"https:\/\/api.w.org\/{rel}","templated":true}]}}