{"id":10746,"date":"2024-10-07T14:56:39","date_gmt":"2024-10-07T12:56:39","guid":{"rendered":"https:\/\/bleupharma.com\/?post_type=product&#038;p=10746"},"modified":"2026-02-23T13:42:38","modified_gmt":"2026-02-23T11:42:38","slug":"powerbleu","status":"publish","type":"product","link":"https:\/\/bleupharma.com\/en\/product\/powerbleu\/","title":{"rendered":"<span class=\"my-product-name\">POWER <span class=\"my-product-name-sup\"> BLEU<\/span><\/span> <span class=\"my-product-subtitle\">Male Performance <\/span>"},"content":{"rendered":"<ul>\n<li>\u00a0Supports erectile function and maintains the health of the male reproductive system.<\/li>\n<li>\u00a0Contributes to normal spermatogenesis and helps maintain normal erectile function.<\/li>\n<li>\u00a0Supports the synthesis of nitric oxide from its precursor, L-arginine, thereby promoting erection.<\/li>\n<li>\u00a0Supports testosterone production and maintains reproductive function.<\/li>\n<\/ul>","protected":false},"excerpt":{"rendered":"<p>\u00a0Sus\u021bine func\u021bia erectil\u0103 \u0219i contribuie la men\u021binerea san\u0103t\u0103\u021bii aparatului reproduc\u0103tor masculin \u00a0Contribuie la spermatogeneza normal\u0103 \u0219i sus\u021bine men\u021binerea func\u021biei erectile normale \u00a0Contribuie la sinteza oxidului nitric din substratul s\u0103u L-arginin\u0103, favoriz\u00e2nd astfel erec\u021bia. \u00a0Sprijin\u0103 produc\u021bia de testosteron \u0219i men\u021bine func\u021bia reproductiv\u0103.<\/p>","protected":false},"featured_media":10749,"template":"","meta":[],"product_brand":[],"product_cat":[65],"product_tag":[],"class_list":{"0":"post-10746","1":"product","2":"type-product","3":"status-publish","4":"has-post-thumbnail","6":"product_cat-urologie","7":"wpbf-post","10":"instock","11":"shipping-taxable","12":"purchasable","13":"product-type-simple"},"brizy_media":[],"_links":{"self":[{"href":"https:\/\/bleupharma.com\/en\/wp-json\/wp\/v2\/product\/10746","targetHints":{"allow":["GET"]}}],"collection":[{"href":"https:\/\/bleupharma.com\/en\/wp-json\/wp\/v2\/product"}],"about":[{"href":"https:\/\/bleupharma.com\/en\/wp-json\/wp\/v2\/types\/product"}],"wp:featuredmedia":[{"embeddable":true,"href":"https:\/\/bleupharma.com\/en\/wp-json\/wp\/v2\/media\/10749"}],"wp:attachment":[{"href":"https:\/\/bleupharma.com\/en\/wp-json\/wp\/v2\/media?parent=10746"}],"wp:term":[{"taxonomy":"product_brand","embeddable":true,"href":"https:\/\/bleupharma.com\/en\/wp-json\/wp\/v2\/product_brand?post=10746"},{"taxonomy":"product_cat","embeddable":true,"href":"https:\/\/bleupharma.com\/en\/wp-json\/wp\/v2\/product_cat?post=10746"},{"taxonomy":"product_tag","embeddable":true,"href":"https:\/\/bleupharma.com\/en\/wp-json\/wp\/v2\/product_tag?post=10746"}],"curies":[{"name":"wp","href":"https:\/\/api.w.org\/{rel}","templated":true}]}}