{"id":590,"date":"2018-01-02T10:12:04","date_gmt":"2018-01-02T10:12:04","guid":{"rendered":"https:\/\/demo.harutheme.com\/clarivo\/?page_id=590"},"modified":"2026-04-07T10:26:27","modified_gmt":"2026-04-07T08:26:27","slug":"despre-noi","status":"publish","type":"page","link":"https:\/\/bleupharma.com\/en\/despre-noi\/","title":{"rendered":"About Us"},"content":{"rendered":"<div class=\"brz brz-root__container brz-reset-all brz-root__container-page\">\n<section id=\"yauwlsvceqidelqsbgrovubsrxbsdmrqqxwu_yauwlsvceqidelqsbgrovubsrxbsdmrqqxwu\" class=\"brz-section my-about-section brz-css-emwpyx brz-css-cepkgs\">\n<div class=\"brz-section__content brz-section--boxed brz-css-kh8o4m brz-css-1m32yeo\" data-brz-custom-id=\"jrjtydniyilezbhqzkszbcunjdsiearpzkio\">\n<div class=\"brz-container brz-css-15uyqew brz-css-1a8dvep\">\n<div id=\"\" class=\"brz-css-lzrk9q brz-css-1v8wc40 brz-wrapper\">\n<div class=\"brz-line brz-line-text brz-css-1evjk3m brz-css-1skkivc\" data-brz-custom-id=\"vxmrmlxdnvqdnanhhwjkuosiktmijywbkrem\"><span class=\"brz-line-container\"><span data-brz-translate-text=\"1\" class=\"brz-line-content brz-span brz-text__editor\">WE ARE BACK !<\/span><\/span><\/div>\n<\/div>\n<div id=\"\" class=\"brz-css-lzrk9q brz-css-1690z61 brz-wrapper\">\n<div class=\"brz-image brz-css-1k9ba4y brz-css-80xzt\" data-brz-custom-id=\"xvmcsspmbajzxdjhxifwgvsdisbxahvvkedl\"><img decoding=\"async\" class=\"brz-img\" src=\"https:\/\/bleupharma.com\/wp-content\/uploads\/2025\/10\/banner-we-re-back-scaled.jpg\" loading=\"lazy\" alt=\"\" title=\"banner we re back\"><\/div>\n<\/div>\n<div id=\"\" class=\"brz-css-lzrk9q brz-css-krl000 brz-wrapper my-separator-line-dual-color\">\n<div class=\"brz-line brz-line-text brz-css-1evjk3m brz-css-lmho88\" data-brz-custom-id=\"ebchlwenadnynwnjumqcojawmoozpehxotvr\"><span class=\"brz-line-container\"><span data-brz-translate-text=\"1\" class=\"brz-line-content brz-span brz-text__editor\">Short history of <span>BLEU PHARMA<\/span><\/span><\/span><\/div>\n<\/div>\n<div id=\"\" class=\"brz-css-lzrk9q brz-css-1mkz8e brz-wrapper\">\n<div class=\"brz-rich-text brz-rich-text__custom brz-css-1b4z1cy brz-css-11gdgup\" data-brz-custom-id=\"qdzdmmihdtugttytscfacbnvvurguazsfppk\">\n<div data-brz-translate-text=\"1\">\n<p class=\"brz-text-lg-justify brz-tp-lg-paragraph brz-css-v3h0k\" data-generated-css=\"brz-css-i6Hy7\" data-uniq-id=\"prmsv\"><strong class=\"brz-cp-color1\" style=\"opacity: 1\">Bleu Pharma<\/strong><span class=\"brz-cp-color1\" style=\"opacity: 1\"> was founded by <\/span><strong class=\"brz-cp-color1\" style=\"opacity: 1\">Yogish Agarwal<\/strong><span class=\"brz-cp-color1\" style=\"opacity: 1\">, former Country Manager Ranbaxy Romania and Founder &amp; CEO of Sun Wave Pharma with over 35 years of international pharmaceutical experience.<\/span><\/p>\n<p class=\"brz-text-lg-justify brz-tp-lg-paragraph brz-css-aQ3_5\" data-generated-css=\"brz-css-nEyWC\" data-uniq-id=\"rIgXB\"><\/p>\n<p class=\"brz-text-lg-justify brz-tp-lg-paragraph brz-css-yxhTj\" data-generated-css=\"brz-css-rNLIf\" data-uniq-id=\"n3U0B\"><strong class=\"brz-cp-color1\" style=\"opacity: 1\">Bleu Pharma<\/strong><span class=\"brz-cp-color1\" style=\"opacity: 1\"> promotes <\/span><strong class=\"brz-cp-color1\" style=\"opacity: 1\">its Nutraceutical products<\/strong><span class=\"brz-cp-color1\" style=\"opacity: 1\"> c\u0103tre medici prin 110 de reprezentan\u021bi \u00een teren.<\/span><\/p>\n<p class=\"brz-text-lg-justify brz-tp-lg-paragraph brz-css-a1VDd\" data-generated-css=\"brz-css-wJLo5\" data-uniq-id=\"c_hCE\"><\/p>\n<p class=\"brz-text-lg-justify brz-tp-lg-paragraph brz-css-zHBvJ\" data-generated-css=\"brz-css-sLXJU\" data-uniq-id=\"aoLv9\"><strong class=\"brz-cp-color1\" style=\"opacity: 1\">Our team<\/strong><span class=\"brz-cp-color1\" style=\"opacity: 1\"> is made up of members with <\/span><strong class=\"brz-cp-color1\" style=\"opacity: 1\">experience<\/strong><span class=\"brz-cp-color1\" style=\"opacity: 1\"> in the creation and promotion of nutraceutical products in collaboration with partner doctors who bring an extra through decades of clinical experience in Romania.<\/span><\/p>\n<p class=\"brz-text-lg-justify brz-tp-lg-paragraph brz-css-ore85\" data-generated-css=\"brz-css-idEwH\" data-uniq-id=\"cufVF\"><\/p>\n<p class=\"brz-text-lg-justify brz-tp-lg-paragraph brz-css-pqCLR\" data-generated-css=\"brz-css-rFyDJ\" data-uniq-id=\"rDrQa\"><span class=\"brz-cp-color1\" style=\"opacity: 1\">Products <\/span><strong class=\"brz-cp-color1\" style=\"opacity: 1\">Bleu Pharma<\/strong><span class=\"brz-cp-color1\" style=\"opacity: 1\"> are unique, for the first time in Romania and they aim to offer more <\/span><strong class=\"brz-cp-color1\" style=\"opacity: 1\">health and more happiness<\/strong><span class=\"brz-cp-color1\" style=\"opacity: 1\">.<\/span><\/p>\n<p class=\"brz-text-lg-justify brz-mt-lg-0 brz-tp-lg-paragraph brz-css-d63Dt\" data-generated-css=\"brz-css-lsF6I\" data-uniq-id=\"vKAC7\"><\/p>\n<p class=\"brz-text-lg-justify brz-tp-lg-paragraph brz-css-ggMgJ\" data-generated-css=\"brz-css-zEnZf\" data-uniq-id=\"aTg6U\"><span class=\"brz-cp-color1\" style=\"opacity: 1\">We promote a wide range of Natural products in the fields <\/span><strong class=\"brz-cp-color1\" style=\"opacity: 1\">Obstetrics &amp; Gynecology, Urology, Neurology<\/strong><\/p>\n<p class=\"brz-text-lg-justify brz-tp-lg-paragraph brz-css-wn88w\" data-generated-css=\"brz-css-ofkvX\" data-uniq-id=\"ekeWt\"><strong class=\"brz-cp-color1\" style=\"opacity: 1\">Psychiatry, Cardiology, Pediatrics, Gastroenterology, Rheumatology<\/strong><span class=\"brz-cp-color1\" style=\"opacity: 1\"> through 5 Medical Promotion Divisions, <\/span><span class=\"brz-cp-color1\" style=\"opacity: 1\">covering the entire Romania.<\/span><\/p>\n<p class=\"brz-tp-lg-paragraph brz-css-zY5Wm\" data-generated-css=\"brz-css-vv5T8\" data-uniq-id=\"r1fga\"><span class=\"brz-cp-color1\" style=\"opacity: 1\"> <\/span><\/p>\n<p class=\"brz-tp-lg-paragraph brz-css-t3ems\" data-generated-css=\"brz-css-jX5P_\" data-uniq-id=\"atkR5\"><span class=\"brz-cp-color1\" style=\"opacity: 1\"> <\/span><\/p>\n<p class=\"brz-tp-lg-paragraph brz-css-kbmQU\" data-generated-css=\"brz-css-rOj1C\" data-uniq-id=\"gjhNN\"><span class=\"brz-cp-color1\" style=\"opacity: 1\"> We always remember what Mahatma Gandhi said:<\/span><\/p>\n<p class=\"brz-tp-lg-paragraph brz-bcp-color1 brz-css-eCQPa\" data-generated-css=\"brz-css-ntAVo\" data-uniq-id=\"bj0hr\"><span class=\"brz-cp-color1\" style=\"opacity: 1\">\t<\/span><strong class=\"brz-cp-color1\" style=\"opacity: 1\">&#8211; Wealth Only with Work<\/strong><\/p>\n<p class=\"brz-tp-lg-paragraph brz-bcp-color1 brz-css-qPjvV\" data-generated-css=\"brz-css-h_Mdr\" data-uniq-id=\"rgjIE\"><span class=\"brz-cp-color1\" style=\"opacity: 1\">\t<\/span><strong class=\"brz-cp-color1\" style=\"opacity: 1\">&#8211; Knowledge Only with Character<\/strong><\/p>\n<p class=\"brz-tp-lg-paragraph brz-bcp-color1 brz-css-kiAl4\" data-generated-css=\"brz-css-h5IJE\" data-uniq-id=\"k_RcZ\"><span class=\"brz-cp-color1\" style=\"opacity: 1\">\t<\/span><strong class=\"brz-cp-color1\" style=\"opacity: 1\">&#8211; Business Only with Morality<\/strong><\/p>\n<p class=\"brz-tp-lg-paragraph brz-css-gn_Si\" data-generated-css=\"brz-css-sAtWq\" data-uniq-id=\"dZL1S\"><\/p>\n<\/div>\n<\/div>\n<\/div>\n<div class=\"brz-wrapper-clone brz-flex-xs-wrap brz-css-12071jl brz-css-1l1oar9\" data-brz-custom-id=\"yfqjlbppinbguuvalirrgpkycfvrpjxoifdr\"><a class=\"brz-a brz-btn brz-css-8yvmph brz-css-13l9ey7 brz-css-1g055ah brz-css-i8qpa7\" href=\"\/en\/contact\/\" target=\"_self\" rel=\"noopener\" data-brz-link-type=\"external\" data-brz-custom-id=\"eiirqfgpkaukfgmiehhxjwvgzbotqqmeyxku\"><span data-brz-translate-text=\"1\" class=\"brz-span brz-text__editor\">Contact Us<\/span><\/a><\/div>\n<\/div>\n<\/div>\n<\/section><\/div>\n<p><!-- version:1760358999 --><\/p>","protected":false},"excerpt":{"rendered":"<p>WE ARE BACK ! Scurt istoric BLEU PHARMA Bleu Pharma a fost fondat\u0103 de c\u0103tre Yogish Agarwal, fost Country Manager Ranbaxy Rom\u00e2nia si fondator &amp; CEO al Sun Wave Pharma cu peste 35 de ani de experien\u0163\u0103 interna\u0163ional\u0103 Farmaceutic\u0103. Bleu Pharma \u00ee\u015fi promoveaz\u0103 produsele Nutraceutice c\u0103tre medici prin 110 de reprezentan\u021bi \u00een teren. Echipa este [&hellip;]<\/p>\n","protected":false},"author":1,"featured_media":0,"parent":0,"menu_order":0,"comment_status":"closed","ping_status":"closed","template":"brizy-blank-template.php","meta":{"footnotes":""},"class_list":["post-590","page","type-page","status-publish","hentry","wpbf-post"],"brizy_media":[{"id":1513,"url":"https:\/\/bleupharma.com\/wp-content\/uploads\/2022\/08\/Bleu-pharma-logo-2022-text.png","name":"Bleu-pharma-logo-2022-text.png","meta":{"brizy_attachment_uid":"wp-f3e225bdcc5a73e1b32a5f8e6773c994.png","brizy_post_uid":["8bcb53151c8effac6353d26e932edfe5","3e9f09bd906684fd91ed53e4db2a39a7"]}},{"id":2320,"url":"https:\/\/bleupharma.com\/wp-content\/uploads\/2022\/09\/banner-despre-noi.jpg","name":"banner-despre-noi.jpg","meta":{"brizy_attachment_uid":"wp-d36464cd148981a6dc68ad7585df7c74.jpg","brizy_post_uid":["3e9f09bd906684fd91ed53e4db2a39a7"]}},{"id":5236,"url":"https:\/\/bleupharma.com\/wp-content\/uploads\/2022\/10\/banner-despre-noi-scaled.jpg","name":"banner-despre-noi.jpg","meta":{"brizy_attachment_uid":"wp-65cd2a91b3f29090b3c772ff833715fd.jpg","brizy_post_uid":["3e9f09bd906684fd91ed53e4db2a39a7"]}},{"id":5291,"url":"https:\/\/bleupharma.com\/wp-content\/uploads\/2022\/10\/banner-despre-noi-1-scaled.jpg","name":"banner-despre-noi-1.jpg","meta":{"brizy_attachment_uid":"wp-c980a91a2b78ab58b78d286fc547b1fa.jpg","brizy_post_uid":["3e9f09bd906684fd91ed53e4db2a39a7"]}},{"id":10030,"url":"https:\/\/bleupharma.com\/wp-content\/uploads\/2024\/08\/banner-despre-noi-scaled.jpg","name":"banner-despre-noi.jpg","meta":{"brizy_attachment_uid":"wp-ac6bc6de8d7c94c89e997eacee18bb46.jpg","brizy_post_uid":["3e9f09bd906684fd91ed53e4db2a39a7"]}},{"id":12461,"url":"https:\/\/bleupharma.com\/wp-content\/uploads\/2025\/10\/banner-we-re-back-scaled.jpg","name":"banner-we-re-back.jpg","meta":{"brizy_attachment_uid":"wp-43136020d1a13aed529347fa7e7a007b.jpg","brizy_post_uid":["3e9f09bd906684fd91ed53e4db2a39a7"]}}],"_links":{"self":[{"href":"https:\/\/bleupharma.com\/en\/wp-json\/wp\/v2\/pages\/590","targetHints":{"allow":["GET"]}}],"collection":[{"href":"https:\/\/bleupharma.com\/en\/wp-json\/wp\/v2\/pages"}],"about":[{"href":"https:\/\/bleupharma.com\/en\/wp-json\/wp\/v2\/types\/page"}],"author":[{"embeddable":true,"href":"https:\/\/bleupharma.com\/en\/wp-json\/wp\/v2\/users\/1"}],"replies":[{"embeddable":true,"href":"https:\/\/bleupharma.com\/en\/wp-json\/wp\/v2\/comments?post=590"}],"version-history":[{"count":31,"href":"https:\/\/bleupharma.com\/en\/wp-json\/wp\/v2\/pages\/590\/revisions"}],"predecessor-version":[{"id":12511,"href":"https:\/\/bleupharma.com\/en\/wp-json\/wp\/v2\/pages\/590\/revisions\/12511"}],"wp:attachment":[{"href":"https:\/\/bleupharma.com\/en\/wp-json\/wp\/v2\/media?parent=590"}],"curies":[{"name":"wp","href":"https:\/\/api.w.org\/{rel}","templated":true}]}}